{"id":3935,"date":"2018-04-24T07:06:59","date_gmt":"2018-04-24T07:06:59","guid":{"rendered":"http:\/\/optico.themestek.com\/?page_id=3935"},"modified":"2020-07-08T18:28:59","modified_gmt":"2020-07-08T18:28:59","slug":"contact-us","status":"publish","type":"page","link":"https:\/\/mobileoptic.lv\/lv\/contact-us\/","title":{"rendered":"Sazin\u0101ties ar mums ir viegli"},"content":{"rendered":"<div class=\"wpb-content-wrapper\"><div data-vc-full-width=\"true\" data-vc-full-width-init=\"false\" class=\"vc_row ts-row wpb_row vc_row-fluid ts-bgcolor-grey ts-bgimage-position-center_center\">\r\n\r\n\t\r\n\t <div class=\"vc_row container\"> \r\n\t\t\r\n<div class=\"ts-column wpb_column vc_column_container vc_col-sm-12\">\r\n\t<div class=\"vc_column-inner  \">\r\n\t\t\t\t<div class=\"wpb_wrapper\">\r\n\t\t\t<div class=\"ts-element-heading-wrapper ts-heading-inner ts-element-align-center ts-seperator-none \"><section class=\"ts-vc_cta3-container\"><div class=\"ts-vc_general ts-vc_cta3 ts-cta3-only ts-vc_cta3-style-classic ts-vc_cta3-shape-rounded ts-vc_cta3-align-center ts-vc_cta3-color-transparent ts-vc_cta3-icon-size-md ts-vc_cta3-actions-no ts-cta3-with-desc\"><div class=\"ts-vc_cta3_content-container\"><div class=\"ts-vc_cta3-content\"><div class=\"ts-vc_cta3-content-header ts-wrap\"><div class=\"ts-vc_cta3-headers ts-wrap-cell\"><h4 class=\"ts-custom-heading \" >Sazinies ar mums<\/h4>\n<h2 class=\"ts-custom-heading \" >Esam kompetenta un pieredzes bag\u0101ta speci\u0101listu komanda. <strong> Zvani, raksti, piesakies... <\/strong><\/h2>\n<\/div><\/div><div class=\"ts-cta3-content-wrapper\">\n<p style=\"text-align: center;\">M\u016bsu speci\u0101listi sniedz pla\u0161a spektra pakalpojumus. Individu\u0101la pieeja katram pas\u016bt\u012bjumam. Ar liel\u0101ko prieku pie\u0146emam jaunus izaicin\u0101jumus.<\/p>\n<p><\/div><\/div><\/div><\/div><\/section><\/div> <!-- .ts-element-heading-wrapper container --> \r\n<div class=\"ts-row-inner vc_row wpb_row vc_inner vc_row-fluid\">\r\n\t\r\n<div class=\"ts-column-inner wpb_column vc_column_container vc_col-sm-4\">\r\n\t<div class=\"vc_column-inner  \">\r\n\t\t \r\n\t\t<div class=\"wpb_wrapper\">\r\n\t\t\t<div class=\"ts-servicebox ts-servicebox-style-4 ts-sbox-style-4 ts-sbox-itype-icon\">\r\n\r\n\t<div class=\"ts-sbox-icon\">\r\n\t\t<div class=\"ts-sbox-icon-wrapper\"><i class=\"themifyicon ti-headphone-alt\"><\/i><\/div>\t<\/div>\r\n\r\n\t<div class=\"ts-sbox-contents\">\r\n\t\t<div class=\"ts-vc_general ts-vc_cta3 ts-cta3-only ts-vc_cta3-style-classic ts-vc_cta3-shape-rounded ts-vc_cta3-align-left ts-vc_cta3-color-transparent ts-vc_cta3-icon-size-md ts-vc_cta3-actions-no ts-cta3-with-desc\"><div class=\"ts-vc_cta3_content-container\"><div class=\"ts-vc_cta3-content\"><div class=\"ts-vc_cta3-content-header ts-wrap\"><div class=\"ts-vc_cta3-headers ts-wrap-cell\"><h2 class=\"ts-custom-heading \">T\u0101lrunis<\/h2>\n<\/div><\/div><div class=\"ts-cta3-content-wrapper\">\n<h5>20117000<\/h5>\n<p><\/div><\/div><\/div><\/div>\t<\/div><!-- .ts-sbox-contents -->\r\n\r\n<\/div>\r\n\r\n\t\t<\/div>\r\n\t<\/div>\r\n<\/div>\r\n\r\n\r\n<div class=\"ts-column-inner wpb_column vc_column_container vc_col-sm-4\">\r\n\t<div class=\"vc_column-inner  \">\r\n\t\t \r\n\t\t<div class=\"wpb_wrapper\">\r\n\t\t\t<div class=\"ts-servicebox ts-servicebox-style-4 ts-sbox-style-4 ts-sbox-itype-icon\">\r\n\r\n\t<div class=\"ts-sbox-icon\">\r\n\t\t<div class=\"ts-sbox-icon-wrapper\"><i class=\"themifyicon ti-location-pin\"><\/i><\/div>\t<\/div>\r\n\r\n\t<div class=\"ts-sbox-contents\">\r\n\t\t<div class=\"ts-vc_general ts-vc_cta3 ts-cta3-only ts-vc_cta3-style-classic ts-vc_cta3-shape-rounded ts-vc_cta3-align-left ts-vc_cta3-color-transparent ts-vc_cta3-icon-size-md ts-vc_cta3-actions-no ts-cta3-with-desc\"><div class=\"ts-vc_cta3_content-container\"><div class=\"ts-vc_cta3-content\"><div class=\"ts-vc_cta3-content-header ts-wrap\"><div class=\"ts-vc_cta3-headers ts-wrap-cell\"><h2 class=\"ts-custom-heading \">Re\u0123istr\u0101cijas adrese<\/h2>\n<\/div><\/div><div class=\"ts-cta3-content-wrapper\">\n<h5>Saules iela 68-14, Daugavpils, LV-5401<\/h5>\n<p><\/div><\/div><\/div><\/div>\t<\/div><!-- .ts-sbox-contents -->\r\n\r\n<\/div>\r\n\r\n\t\t<\/div>\r\n\t<\/div>\r\n<\/div>\r\n\r\n\r\n<div class=\"ts-column-inner wpb_column vc_column_container vc_col-sm-4\">\r\n\t<div class=\"vc_column-inner  \">\r\n\t\t \r\n\t\t<div class=\"wpb_wrapper\">\r\n\t\t\t<div class=\"ts-servicebox ts-servicebox-style-4 ts-sbox-style-4 ts-sbox-itype-icon\">\r\n\r\n\t<div class=\"ts-sbox-icon\">\r\n\t\t<div class=\"ts-sbox-icon-wrapper\"><i class=\"themifyicon ti-email\"><\/i><\/div>\t<\/div>\r\n\r\n\t<div class=\"ts-sbox-contents\">\r\n\t\t<div class=\"ts-vc_general ts-vc_cta3 ts-cta3-only ts-vc_cta3-style-classic ts-vc_cta3-shape-rounded ts-vc_cta3-align-left ts-vc_cta3-color-transparent ts-vc_cta3-icon-size-md ts-vc_cta3-actions-no ts-cta3-with-desc\"><div class=\"ts-vc_cta3_content-container\"><div class=\"ts-vc_cta3-content\"><div class=\"ts-vc_cta3-content-header ts-wrap\"><div class=\"ts-vc_cta3-headers ts-wrap-cell\"><h2 class=\"ts-custom-heading \">Epasts<\/h2>\n<\/div><\/div><div class=\"ts-cta3-content-wrapper\">\n<h5>info@mobileoptic.lv<\/h5>\n<p><\/div><\/div><\/div><\/div>\t<\/div><!-- .ts-sbox-contents -->\r\n\r\n<\/div>\r\n\r\n\t\t<\/div>\r\n\t<\/div>\r\n<\/div>\r\n\r\n<\/div>\r\n\r\n\t\t<\/div>\r\n\t<\/div>\r\n<\/div>\r\n\r\n\r\n\t <\/div> <\/div>\r\n\r\n<div class=\"vc_row-full-width vc_clearfix\"><\/div>\r\n\r\n<div data-vc-full-width=\"true\" data-vc-full-width-init=\"false\" class=\"vc_row ts-row wpb_row vc_row-fluid vc_custom_1524557923875 ts-bgcolor-grey ts-bgimage-position-center_center\">\r\n\r\n\t\r\n\t <div class=\"vc_row container\"> \r\n\t\t\r\n<div class=\"ts-column wpb_column vc_column_container vc_col-sm-12\">\r\n\t<div class=\"vc_column-inner  \">\r\n\t\t\t\t<div class=\"wpb_wrapper\">\r\n\t\t\t\r\n<div class=\"ts-row-inner vc_row wpb_row vc_inner vc_row-fluid ts-overlap-row box-shadow-1 ts-mb-20 vc_row-o-equal-height vc_row-flex ts-bgcolor-white\">\r\n\t\r\n<div class=\"ts-column-inner wpb_column vc_column_container vc_col-sm-4 vc_col-has-fill\">\r\n\t<div class=\"vc_column-inner vc_custom_1524557880547  ts-col-bgimage-yes\">\r\n\t\t<div class=\"ts-col-wrapper-bg-layer ts-bg-layer\"><div class=\"ts-bg-layer-inner\"><\/div><\/div> \r\n\t\t<div class=\"wpb_wrapper\">\r\n\t\t\t\t\t<\/div>\r\n\t<\/div>\r\n<\/div>\r\n\r\n\r\n<div class=\"ts-column-inner wpb_column vc_column_container vc_col-sm-8\">\r\n\t<div class=\"vc_column-inner vc_custom_1526121025913 \">\r\n\t\t \r\n\t\t<div class=\"wpb_wrapper\">\r\n\t\t\t<h4 style=\"text-align:left;font-family:'Montserrat Alternates',Arial,Helvetica;font-weight:400;\" class=\"ts-custom-heading ts-skincolor-strong \" >Sa\u0146em konsult\u0101ciju <strong>20117000<\/strong> P\u0101s\u016bti pakalpojumu<\/h4>\n\n\t<div class=\"wpb_text_column wpb_content_element\" >\n\t\t<div class=\"wpb_wrapper\">\n\t\t\t<h5>M\u016bsu redzes apr\u016bpes speci\u0101lists sazin\u0101sies ar Jums tuv\u0101kaj\u0101 laik\u0101.<\/h5>\n\n\t\t<\/div>\n\t<\/div>\n\n<div class=\"wpcf7 no-js\" id=\"wpcf7-f3879-o1\" lang=\"en-US\" dir=\"ltr\" data-wpcf7-id=\"3879\">\n<div class=\"screen-reader-response\"><p role=\"status\" aria-live=\"polite\" aria-atomic=\"true\"><\/p> <ul><\/ul><\/div>\n<form action=\"\/lv\/wp-json\/wp\/v2\/pages\/3935#wpcf7-f3879-o1\" method=\"post\" class=\"wpcf7-form init\" aria-label=\"Contact form\" novalidate=\"novalidate\" data-status=\"init\">\n<fieldset class=\"hidden-fields-container\"><input type=\"hidden\" name=\"_wpcf7\" value=\"3879\" \/><input type=\"hidden\" name=\"_wpcf7_version\" value=\"6.1.5\" \/><input type=\"hidden\" name=\"_wpcf7_locale\" value=\"en_US\" \/><input type=\"hidden\" name=\"_wpcf7_unit_tag\" value=\"wpcf7-f3879-o1\" \/><input type=\"hidden\" name=\"_wpcf7_container_post\" value=\"0\" \/><input type=\"hidden\" name=\"_wpcf7_posted_data_hash\" value=\"\" \/>\n<\/fieldset>\n<div class=\"main-form\">\n\t<div class=\"row\">\n\t\t<div class=\"col-sm-6\">\n\t\t\t<div class=\"input-group\">\n\t\t\t\t<p><span class=\"wpcf7-form-control-wrap\" data-name=\"user-name\"><input size=\"40\" maxlength=\"400\" class=\"wpcf7-form-control wpcf7-text\" aria-invalid=\"false\" placeholder=\"V\u0101rds Uzv\u0101rds\" value=\"\" type=\"text\" name=\"user-name\" \/><\/span>\n\t\t\t\t<\/p>\n\t\t\t<\/div>\n\t\t<\/div>\n\t\t<div class=\"col-sm-6\">\n\t\t\t<div class=\"input-group\">\n\t\t\t\t<p><span class=\"wpcf7-form-control-wrap\" data-name=\"user-email\"><input size=\"40\" maxlength=\"400\" class=\"wpcf7-form-control wpcf7-email wpcf7-validates-as-required wpcf7-text wpcf7-validates-as-email\" aria-required=\"true\" aria-invalid=\"false\" placeholder=\"Epasts\" value=\"\" type=\"email\" name=\"user-email\" \/><\/span>\n\t\t\t\t<\/p>\n\t\t\t<\/div>\n\t\t<\/div>\n\t\t<div class=\"col-sm-6\">\n\t\t\t<div class=\"input-group\">\n\t\t\t\t<p><span class=\"wpcf7-form-control-wrap\" data-name=\"user-phone\"><input size=\"40\" maxlength=\"400\" class=\"wpcf7-form-control wpcf7-text\" aria-invalid=\"false\" placeholder=\"T\u0101lrunis\" value=\"\" type=\"text\" name=\"user-phone\" \/><\/span>\n\t\t\t\t<\/p>\n\t\t\t<\/div>\n\t\t<\/div>\n\t\t<div class=\"col-sm-6\">\n\t\t\t<div class=\"input-group\">\n\t\t\t\t<p><span class=\"wpcf7-form-control-wrap\" data-name=\"user-department\"><select class=\"wpcf7-form-control wpcf7-select form-control\" aria-invalid=\"false\" name=\"user-department\"><option value=\"Izv\u0113l\u0113ties pakalpojumu\">Izv\u0113l\u0113ties pakalpojumu<\/option><option value=\"Redzes p\u0101rbaude, bri\u013c\u013cu pas\u016bt\u012b\u0161ana\">Redzes p\u0101rbaude, bri\u013c\u013cu pas\u016bt\u012b\u0161ana<\/option><option value=\"Speci\u0101lista konsult\u0101cija\">Speci\u0101lista konsult\u0101cija<\/option><option value=\"Cits\">Cits<\/option><\/select><\/span>\n\t\t\t\t<\/p>\n\t\t\t<\/div>\n\t\t<\/div>\n\t\t<div class=\"col-sm-6\">\n\t\t\t<div class=\"input-group\">\n\t\t\t\t<p><span class=\"wpcf7-form-control-wrap\" data-name=\"appointment-date\"><input size=\"40\" maxlength=\"400\" class=\"wpcf7-form-control wpcf7-text\" aria-invalid=\"false\" placeholder=\"Viz\u012btes datums\" value=\"\" type=\"text\" name=\"appointment-date\" \/><\/span>\n\t\t\t\t<\/p>\n\t\t\t<\/div>\n\t\t<\/div>\n\t\t<div class=\"col-sm-6\">\n\t\t\t<div class=\"input-group\">\n\t\t\t\t<p><span class=\"wpcf7-form-control-wrap\" data-name=\"appointment-time\"><input size=\"40\" maxlength=\"400\" class=\"wpcf7-form-control wpcf7-text\" aria-invalid=\"false\" placeholder=\"Viz\u012btes laiks\" value=\"\" type=\"text\" name=\"appointment-time\" \/><\/span>\n\t\t\t\t<\/p>\n\t\t\t<\/div>\n\t\t<\/div>\n\t\t<div class=\"col-sm-12\">\n\t\t\t<div class=\"input-group input-button\">\n\t\t\t\t<p><input class=\"wpcf7-form-control wpcf7-submit has-spinner\" type=\"submit\" value=\"Pas\u016bt\u012bt pakalpojumu\" \/>\n\t\t\t\t<\/p>\n\t\t\t<\/div>\n\t\t<\/div>\n\t<\/div>\n<\/div><div class=\"wpcf7-response-output\" aria-hidden=\"true\"><\/div>\n<\/form>\n<\/div>\n\t\t<\/div>\r\n\t<\/div>\r\n<\/div>\r\n\r\n<\/div>\r\n\r\n\t\t<\/div>\r\n\t<\/div>\r\n<\/div>\r\n\r\n\r\n\t <\/div> <\/div>\r\n\r\n<div class=\"vc_row-full-width vc_clearfix\"><\/div>\r\n\r\n<div class=\"vc_row ts-row wpb_row vc_row-fluid container ts-bgimage-position-center_center\">\r\n\r\n\t\r\n\t\r\n\t\t\r\n<div class=\"ts-column wpb_column vc_column_container vc_col-sm-12\">\r\n\t<div class=\"vc_column-inner  \">\r\n\t\t\t\t<div class=\"wpb_wrapper\">\r\n\t\t\t\n\t<div  class=\"wpb_single_image wpb_content_element vc_align_left wpb_content_element\">\n\t\t\n\t\t<figure class=\"wpb_wrapper vc_figure\">\n\t\t\t<div class=\"vc_single_image-wrapper   vc_box_border_grey\"><img decoding=\"async\" width=\"150\" height=\"150\" src=\"https:\/\/mobileoptic.lv\/wp-content\/uploads\/2020\/07\/white-150x150.jpg\" class=\"vc_single_image-img attachment-thumbnail\" alt=\"\" title=\"white\" srcset=\"https:\/\/mobileoptic.lv\/wp-content\/uploads\/2020\/07\/white-150x150.jpg 150w, https:\/\/mobileoptic.lv\/wp-content\/uploads\/2020\/07\/white-300x300.jpg 300w, https:\/\/mobileoptic.lv\/wp-content\/uploads\/2020\/07\/white-100x100.jpg 100w\" sizes=\"(max-width: 150px) 100vw, 150px\" data-id=\"5693\" \/><\/div>\n\t\t<\/figure>\n\t<\/div>\n\t\t<\/div>\r\n\t<\/div>\r\n<\/div>\r\n\r\n\r\n\t<\/div>\n<\/div>","protected":false},"excerpt":{"rendered":"Sazinies ar mums Esam kompetenta un pieredzes bag\u0101ta speci\u0101listu komanda. Zvani, raksti, piesakies... M\u016bsu speci\u0101listi sniedz pla\u0161a spektra pakalpojumus. Individu\u0101la pieeja katram pas\u016bt\u012bjumam. Ar liel\u0101ko prieku pie\u0146emam jaunus izaicin\u0101jumus. T\u0101lrunis 20117000 Re\u0123istr\u0101cijas adrese Saules iela 68-14, Daugavpils, LV-5401 Epasts info@mobileoptic.lv Sa\u0146em konsult\u0101ciju 20117000 P\u0101s\u016bti pakalpojumu M\u016bsu redzes apr\u016bpes speci\u0101lists sazin\u0101sies ar Jums tuv\u0101kaj\u0101 laik\u0101. Izv\u0113l\u0113ties &hellip; <a href=\"https:\/\/mobileoptic.lv\/lv\/contact-us\/\" class=\"more-link\">Continue reading <span class=\"screen-reader-text\">Sazin\u0101ties ar mums ir viegli<\/span><\/a>","protected":false},"author":1,"featured_media":0,"parent":0,"menu_order":17,"comment_status":"closed","ping_status":"closed","template":"","meta":{"footnotes":""},"class_list":["post-3935","page","type-page","status-publish","hentry"],"jetpack_sharing_enabled":true,"jetpack-related-posts":[],"_links":{"self":[{"href":"https:\/\/mobileoptic.lv\/lv\/wp-json\/wp\/v2\/pages\/3935","targetHints":{"allow":["GET"]}}],"collection":[{"href":"https:\/\/mobileoptic.lv\/lv\/wp-json\/wp\/v2\/pages"}],"about":[{"href":"https:\/\/mobileoptic.lv\/lv\/wp-json\/wp\/v2\/types\/page"}],"author":[{"embeddable":true,"href":"https:\/\/mobileoptic.lv\/lv\/wp-json\/wp\/v2\/users\/1"}],"replies":[{"embeddable":true,"href":"https:\/\/mobileoptic.lv\/lv\/wp-json\/wp\/v2\/comments?post=3935"}],"version-history":[{"count":11,"href":"https:\/\/mobileoptic.lv\/lv\/wp-json\/wp\/v2\/pages\/3935\/revisions"}],"predecessor-version":[{"id":5824,"href":"https:\/\/mobileoptic.lv\/lv\/wp-json\/wp\/v2\/pages\/3935\/revisions\/5824"}],"wp:attachment":[{"href":"https:\/\/mobileoptic.lv\/lv\/wp-json\/wp\/v2\/media?parent=3935"}],"curies":[{"name":"wp","href":"https:\/\/api.w.org\/{rel}","templated":true}]}}