{"id":4071,"date":"2018-04-27T10:27:42","date_gmt":"2018-04-27T10:27:42","guid":{"rendered":"http:\/\/optico.themestek.com\/?page_id=4071"},"modified":"2020-12-29T20:40:35","modified_gmt":"2020-12-29T20:40:35","slug":"make-appointments","status":"publish","type":"page","link":"https:\/\/mobileoptic.lv\/lv\/make-appointments\/","title":{"rendered":"Pieteikt redzes p\u0101rbaudi"},"content":{"rendered":"<div class=\"wpb-content-wrapper\"><div class=\"vc_row ts-row wpb_row vc_row-fluid container ts-bgimage-position-center_center\">\r\n\r\n\t\r\n\t\r\n\t\t\r\n<div class=\"ts-column wpb_column vc_column_container vc_col-sm-12\">\r\n\t<div class=\"vc_column-inner  \">\r\n\t\t\t\t<div class=\"wpb_wrapper\">\r\n\t\t\t\n\t<div class=\"wpb_text_column wpb_content_element wpb_animate_when_almost_visible wpb_lightSpeedIn lightSpeedIn vc_custom_1594135358893\" >\n\t\t<div class=\"wpb_wrapper\">\n\t\t\t<h2 style=\"text-align: center;\">Zvani 20117000<\/h2>\n<h2 style=\"text-align: center;\">Raksti info@mobileoptic.lv<\/h2>\n<h2 style=\"text-align: center;\">Paliec m\u0101j\u0101s un pas\u016bti pakalpojumu neizejot no m\u0101j\u0101m<\/h2>\n<div class=\"info-widget\">\n<div><\/div>\n<\/div>\n\n\t\t<\/div>\n\t<\/div>\n\t\t<\/div>\r\n\t<\/div>\r\n<\/div>\r\n\r\n\r\n\t<\/div>\r\n\r\n\r\n\r\n<div class=\"vc_row ts-row wpb_row vc_row-fluid container ts-bgimage-position-center_center\">\r\n\r\n\t\r\n\t\r\n\t\t\r\n<div class=\"ts-column wpb_animate_when_almost_visible wpb_flipInX flipInX wpb_column vc_column_container vc_col-sm-12 ts-shadow-row\">\r\n\t<div class=\"vc_column-inner  ts-responsive-custom-89482754\">\r\n\t\t\t\t<div class=\"wpb_wrapper\">\r\n\t\t\t\n<div class=\"wpcf7 no-js\" id=\"wpcf7-f3879-o1\" lang=\"en-US\" dir=\"ltr\" data-wpcf7-id=\"3879\">\n<div class=\"screen-reader-response\"><p role=\"status\" aria-live=\"polite\" aria-atomic=\"true\"><\/p> <ul><\/ul><\/div>\n<form action=\"\/lv\/wp-json\/wp\/v2\/pages\/4071#wpcf7-f3879-o1\" method=\"post\" class=\"wpcf7-form init\" aria-label=\"Contact form\" novalidate=\"novalidate\" data-status=\"init\">\n<fieldset class=\"hidden-fields-container\"><input type=\"hidden\" name=\"_wpcf7\" value=\"3879\" \/><input type=\"hidden\" name=\"_wpcf7_version\" value=\"6.1.5\" \/><input type=\"hidden\" name=\"_wpcf7_locale\" value=\"en_US\" \/><input type=\"hidden\" name=\"_wpcf7_unit_tag\" value=\"wpcf7-f3879-o1\" \/><input type=\"hidden\" name=\"_wpcf7_container_post\" value=\"0\" \/><input type=\"hidden\" name=\"_wpcf7_posted_data_hash\" value=\"\" \/>\n<\/fieldset>\n<div class=\"main-form\">\n\t<div class=\"row\">\n\t\t<div class=\"col-sm-6\">\n\t\t\t<div class=\"input-group\">\n\t\t\t\t<p><span class=\"wpcf7-form-control-wrap\" data-name=\"user-name\"><input size=\"40\" maxlength=\"400\" class=\"wpcf7-form-control wpcf7-text\" aria-invalid=\"false\" placeholder=\"V\u0101rds Uzv\u0101rds\" value=\"\" type=\"text\" name=\"user-name\" \/><\/span>\n\t\t\t\t<\/p>\n\t\t\t<\/div>\n\t\t<\/div>\n\t\t<div class=\"col-sm-6\">\n\t\t\t<div class=\"input-group\">\n\t\t\t\t<p><span class=\"wpcf7-form-control-wrap\" data-name=\"user-email\"><input size=\"40\" maxlength=\"400\" class=\"wpcf7-form-control wpcf7-email wpcf7-validates-as-required wpcf7-text wpcf7-validates-as-email\" aria-required=\"true\" aria-invalid=\"false\" placeholder=\"Epasts\" value=\"\" type=\"email\" name=\"user-email\" \/><\/span>\n\t\t\t\t<\/p>\n\t\t\t<\/div>\n\t\t<\/div>\n\t\t<div class=\"col-sm-6\">\n\t\t\t<div class=\"input-group\">\n\t\t\t\t<p><span class=\"wpcf7-form-control-wrap\" data-name=\"user-phone\"><input size=\"40\" maxlength=\"400\" class=\"wpcf7-form-control wpcf7-text\" aria-invalid=\"false\" placeholder=\"T\u0101lrunis\" value=\"\" type=\"text\" name=\"user-phone\" \/><\/span>\n\t\t\t\t<\/p>\n\t\t\t<\/div>\n\t\t<\/div>\n\t\t<div class=\"col-sm-6\">\n\t\t\t<div class=\"input-group\">\n\t\t\t\t<p><span class=\"wpcf7-form-control-wrap\" data-name=\"user-department\"><select class=\"wpcf7-form-control wpcf7-select form-control\" aria-invalid=\"false\" name=\"user-department\"><option value=\"Izv\u0113l\u0113ties pakalpojumu\">Izv\u0113l\u0113ties pakalpojumu<\/option><option value=\"Redzes p\u0101rbaude, bri\u013c\u013cu pas\u016bt\u012b\u0161ana\">Redzes p\u0101rbaude, bri\u013c\u013cu pas\u016bt\u012b\u0161ana<\/option><option value=\"Speci\u0101lista konsult\u0101cija\">Speci\u0101lista konsult\u0101cija<\/option><option value=\"Cits\">Cits<\/option><\/select><\/span>\n\t\t\t\t<\/p>\n\t\t\t<\/div>\n\t\t<\/div>\n\t\t<div class=\"col-sm-6\">\n\t\t\t<div class=\"input-group\">\n\t\t\t\t<p><span class=\"wpcf7-form-control-wrap\" data-name=\"appointment-date\"><input size=\"40\" maxlength=\"400\" class=\"wpcf7-form-control wpcf7-text\" aria-invalid=\"false\" placeholder=\"Viz\u012btes datums\" value=\"\" type=\"text\" name=\"appointment-date\" \/><\/span>\n\t\t\t\t<\/p>\n\t\t\t<\/div>\n\t\t<\/div>\n\t\t<div class=\"col-sm-6\">\n\t\t\t<div class=\"input-group\">\n\t\t\t\t<p><span class=\"wpcf7-form-control-wrap\" data-name=\"appointment-time\"><input size=\"40\" maxlength=\"400\" class=\"wpcf7-form-control wpcf7-text\" aria-invalid=\"false\" placeholder=\"Viz\u012btes laiks\" value=\"\" type=\"text\" name=\"appointment-time\" \/><\/span>\n\t\t\t\t<\/p>\n\t\t\t<\/div>\n\t\t<\/div>\n\t\t<div class=\"col-sm-12\">\n\t\t\t<div class=\"input-group input-button\">\n\t\t\t\t<p><input class=\"wpcf7-form-control wpcf7-submit has-spinner\" type=\"submit\" value=\"Pas\u016bt\u012bt pakalpojumu\" \/>\n\t\t\t\t<\/p>\n\t\t\t<\/div>\n\t\t<\/div>\n\t<\/div>\n<\/div><div class=\"wpcf7-response-output\" aria-hidden=\"true\"><\/div>\n<\/form>\n<\/div>\n\t\t<\/div>\r\n\t<\/div>\r\n<\/div>\r\n\r\n\r\n\t<\/div>\r\n\r\n\r\n\r\n<div class=\"vc_row ts-row wpb_row vc_row-fluid container ts-bgimage-position-center_center\">\r\n\r\n\t\r\n\t\r\n\t\t\r\n<div class=\"ts-column wpb_column vc_column_container vc_col-sm-12\">\r\n\t<div class=\"vc_column-inner  \">\r\n\t\t\t\t<div class=\"wpb_wrapper\">\r\n\t\t\t<div  class=\"vc_wp_text wpb_content_element\"><div class=\"widget widget_text\">\t\t\t<div class=\"textwidget\"><\/p>\n<p style=\"text-align: center;\"><span class=\"ts-sc-logo ts-sc-logo-type-image\"><img decoding=\"async\" class=\"themestek-logo-img standardlogo\" alt=\"Mobile Optic\" src=\"http:\/\/mobileoptic.lv\/wp-content\/uploads\/2020\/06\/ABSOLUTELY-READY-BIGGER-FOR-WEBSITE.png\"><\/span><\/p>\n<p>\n<\/div>\n\t\t<\/div><\/div>\t\t<\/div>\r\n\t<\/div>\r\n<\/div>\r\n\r\n\r\n\t<\/div>\n<\/div>","protected":false},"excerpt":{"rendered":"Zvani 20117000 Raksti info@mobileoptic.lv Paliec m\u0101j\u0101s un pas\u016bti pakalpojumu neizejot no m\u0101j\u0101m Izv\u0113l\u0113ties pakalpojumuRedzes p\u0101rbaude, bri\u013c\u013cu pas\u016bt\u012b\u0161anaSpeci\u0101lista konsult\u0101cijaCits","protected":false},"author":1,"featured_media":0,"parent":0,"menu_order":7,"comment_status":"closed","ping_status":"closed","template":"","meta":{"footnotes":""},"class_list":["post-4071","page","type-page","status-publish","hentry"],"jetpack_sharing_enabled":true,"jetpack-related-posts":[],"_links":{"self":[{"href":"https:\/\/mobileoptic.lv\/lv\/wp-json\/wp\/v2\/pages\/4071","targetHints":{"allow":["GET"]}}],"collection":[{"href":"https:\/\/mobileoptic.lv\/lv\/wp-json\/wp\/v2\/pages"}],"about":[{"href":"https:\/\/mobileoptic.lv\/lv\/wp-json\/wp\/v2\/types\/page"}],"author":[{"embeddable":true,"href":"https:\/\/mobileoptic.lv\/lv\/wp-json\/wp\/v2\/users\/1"}],"replies":[{"embeddable":true,"href":"https:\/\/mobileoptic.lv\/lv\/wp-json\/wp\/v2\/comments?post=4071"}],"version-history":[{"count":9,"href":"https:\/\/mobileoptic.lv\/lv\/wp-json\/wp\/v2\/pages\/4071\/revisions"}],"predecessor-version":[{"id":5807,"href":"https:\/\/mobileoptic.lv\/lv\/wp-json\/wp\/v2\/pages\/4071\/revisions\/5807"}],"wp:attachment":[{"href":"https:\/\/mobileoptic.lv\/lv\/wp-json\/wp\/v2\/media?parent=4071"}],"curies":[{"name":"wp","href":"https:\/\/api.w.org\/{rel}","templated":true}]}}