{"id":4075,"date":"2018-04-27T10:35:41","date_gmt":"2018-04-27T10:35:41","guid":{"rendered":"http:\/\/optico.themestek.com\/?page_id=4075"},"modified":"2021-01-04T14:46:11","modified_gmt":"2021-01-04T14:46:11","slug":"faq","status":"publish","type":"page","link":"https:\/\/mobileoptic.lv\/lv\/faq\/","title":{"rendered":"Jaut\u0101jumi un atbildes, noteikumi un apraksts"},"content":{"rendered":"<div class=\"wpb-content-wrapper\"><div class=\"vc_row ts-row wpb_row vc_row-fluid container ts-bgimage-position-center_center\">\r\n\r\n\t\r\n\t\r\n\t\t\r\n<div class=\"ts-column wpb_column vc_column_container vc_col-sm-12\">\r\n\t<div class=\"vc_column-inner  \">\r\n\t\t\t\t<div class=\"wpb_wrapper\">\r\n\t\t\t<h3 style=\"text-align:left;\" class=\"ts-custom-heading \" >Pirm\u0101 redzes p\u0101rbaude?<\/h3>\n\n\t<div class=\"wpb_text_column wpb_content_element\" >\n\t\t<div class=\"wpb_wrapper\">\n\t\t\t<p>R\u016bp\u0113ties par sevi noz\u012bm\u0113 r\u016bp\u0113ties ar\u012b par savu redzi un acu vesel\u012bbu.<\/p>\n<p>V\u0113lams\u00a0<strong>reizi gad\u0101 p\u0101rbaud\u012bt redzi<\/strong>, pat tad, ja \u0161\u0137iet, ka redzes asums ir labs.<\/p>\n<p>Redzes apr\u016bpes speci\u0101lists ir acu \u0101rsts vai optometrists, kas veic gan redzes funkciju izmekl\u0113jumus, gan bri\u013c\u013cu receptes izrakst\u012b\u0161anu, gan acu slim\u012bbu skr\u012bningu, gan konsult\u0113 visos jaut\u0101jumos, kas ir saist\u012bti ar redzi.<\/p>\n<p>Ja ir nepiecie\u0161amas brilles, speci\u0101lists izraksta bri\u013c\u013cu recepti, atsevi\u0161\u0137os gad\u012bjumos iesp\u0113jams piemekl\u0113t ar\u012b citus optiskos pal\u012bgl\u012bdzek\u013cus.<\/p>\n<p>Ja pacientam ir nopietnas patolo\u0123isk\u0101s izmai\u0146as ac\u012bs, brilles vairs neder. Papildus tiek sniegtas konsult\u0101cijas par redzes higi\u0113nu, darba re\u017e\u012bmu un darba vietas iek\u0101rto\u0161anu.<\/p>\n<p><em>Covid-19<\/em> infekcijas izplat\u012bbas ierobe\u017eo\u0161anai redzes apr\u016bpes speci\u0101lists b\u016bs nodro\u0161in\u0101ts ar individu\u0101l\u0101s aizsardz\u012bbas l\u012bdzek\u013ciem un b\u016bs veikta instrumentu dezinfekcija atbilsto\u0161i dro\u0161\u012bbas noteikumiem.<\/p>\n\n\t\t<\/div>\n\t<\/div>\n<div class=\"vc_tta-container\" data-vc-action=\"collapse\"><div class=\"vc_general vc_tta vc_tta-accordion vc_tta-color-skincolor vc_tta-style-classic vc_tta-shape-rounded vc_tta-o-shape-group vc_tta-gap-10 vc_tta-controls-align-default vc_tta-o-no-fill\"><div class=\"vc_tta-panels-container\"><div class=\"vc_tta-panels\"><div class=\"vc_tta-panel vc_active\" id=\"1525932736882-f6264f15-b5c0\" data-vc-content=\".vc_tta-panel-body\"><div class=\"vc_tta-panel-heading\"><h4 class=\"vc_tta-panel-title vc_tta-controls-icon-position-right\"><a href=\"#1525932736882-f6264f15-b5c0\" data-vc-accordion data-vc-container=\".vc_tta-container\"><span class=\"vc_tta-title-text\">K\u0101 sagatavoties redzes p\u0101rbaudei?<\/span><i class=\"vc_tta-controls-icon vc_tta-controls-icon-chevron\"><\/i><\/a><\/h4><\/div><div class=\"vc_tta-panel-body\">\n\t<div class=\"wpb_text_column wpb_content_element\" >\n\t\t<div class=\"wpb_wrapper\">\n\t\t\t<p>Lai realiz\u0113tu redzes p\u0101rbaudes norisi m\u0101jas apst\u0101k\u013cos, ir nepiecie\u0161ams:<\/p>\n<p>-pierakstoties uz redzes p\u0101rbaudi ir nepiecie\u0161ams sagatavot pases vai ID kartes kopiju, kuru vajadz\u0113s nos\u016bt\u012bt uz epasta adresi : info@mobileoptic.lv,<\/p>\n<p>-uzr\u0101d\u012bt pasi vai ID karti pirms redzes p\u0101rbaudes,<\/p>\n<p>-nodro\u0161in\u0101t redzes p\u0101rbaudes telpu ar \u010detriem kr\u0113sliem un galdu,<\/p>\n<p>-nodro\u0161in\u0101t iesp\u0113ju aptum\u0161ot telpu,<\/p>\n<p>-nodro\u0161in\u0101t, lai telp\u0101 (istab\u0101) atrodas tikai pacients un speci\u0101lists,<\/p>\n<p>-gad\u012bjum\u0101, ja pacients vai k\u0101ds no kl\u0101t eso\u0161iem ir alkohola reibum\u0101, tad speci\u0101listam ir ties\u012bbas atteikties no pakalpojuma snieg\u0161anas,<\/p>\n<p>-gad\u012bjum\u0101, ja pakalpojuma snieg\u0161anas viet\u0101 ir trauc\u0113jo\u0161i apst\u0101k\u013ci, tad speci\u0101listam ir ties\u012bbas atteikties no pakalpojuma snieg\u0161anas.<\/p>\n\n\t\t<\/div>\n\t<\/div>\n<\/div><\/div><div class=\"vc_tta-panel\" id=\"1525932988317-517ad062-c849\" data-vc-content=\".vc_tta-panel-body\"><div class=\"vc_tta-panel-heading\"><h4 class=\"vc_tta-panel-title vc_tta-controls-icon-position-right\"><a href=\"#1525932988317-517ad062-c849\" data-vc-accordion data-vc-container=\".vc_tta-container\"><span class=\"vc_tta-title-text\">Cik ilgi notiek redzes p\u0101rbaude?<\/span><i class=\"vc_tta-controls-icon vc_tta-controls-icon-chevron\"><\/i><\/a><\/h4><\/div><div class=\"vc_tta-panel-body\">\n\t<div class=\"wpb_text_column wpb_content_element\" >\n\t\t<div class=\"wpb_wrapper\">\n\t\t\t<p>Minim\u0101lais redzes p\u0101rbaudes laiks ir 15 min\u016btes, bet maksim\u0101lais laiks ir viena stunda, kad tiek veikti visi nepiecie\u0161ami izmekl\u0113jumi, t.i. detaliz\u0113ta redzes p\u0101rbaude.<\/p>\n\n\t\t<\/div>\n\t<\/div>\n<\/div><\/div><div class=\"vc_tta-panel\" id=\"1525933131215-fe810ce0-7b7a\" data-vc-content=\".vc_tta-panel-body\"><div class=\"vc_tta-panel-heading\"><h4 class=\"vc_tta-panel-title vc_tta-controls-icon-position-right\"><a href=\"#1525933131215-fe810ce0-7b7a\" data-vc-accordion data-vc-container=\".vc_tta-container\"><span class=\"vc_tta-title-text\">Ja brilles nav izrakst\u012btas?<\/span><i class=\"vc_tta-controls-icon vc_tta-controls-icon-chevron\"><\/i><\/a><\/h4><\/div><div class=\"vc_tta-panel-body\">\n\t<div class=\"wpb_text_column wpb_content_element\" >\n\t\t<div class=\"wpb_wrapper\">\n\t\t\t<p>Parasti tas notiek tr\u012bs gad\u012bjumos:<\/p>\n<ol>\n<li>pacients pats nev\u0113las brilles,<\/li>\n<li>pacienta redzes asums ir norm\u0101 un vi\u0146am nav s\u016bdz\u012bbu par redzi,<\/li>\n<li>ar optisk\u0101m l\u0113c\u0101m nevar izkori\u0123\u0113t redzes asumu.<\/li>\n<\/ol>\n\n\t\t<\/div>\n\t<\/div>\n<\/div><\/div><div class=\"vc_tta-panel\" id=\"1525933066792-8a3000ec-c559\" data-vc-content=\".vc_tta-panel-body\"><div class=\"vc_tta-panel-heading\"><h4 class=\"vc_tta-panel-title vc_tta-controls-icon-position-right\"><a href=\"#1525933066792-8a3000ec-c559\" data-vc-accordion data-vc-container=\".vc_tta-container\"><span class=\"vc_tta-title-text\">Ja brilles nav iesp\u0113jams piemekl\u0113t?<\/span><i class=\"vc_tta-controls-icon vc_tta-controls-icon-chevron\"><\/i><\/a><\/h4><\/div><div class=\"vc_tta-panel-body\">\n\t<div class=\"wpb_text_column wpb_content_element\" >\n\t\t<div class=\"wpb_wrapper\">\n\t\t\t<p>Pacientam nav iesp\u0113jams izrakst\u012bt brilles, pie nosac\u012bjuma, ka ar optisk\u0101m l\u0113c\u0101m nevar pan\u0101kt v\u0113lamo rezult\u0101tu. Tas notiek vair\u0101ku iemeslu d\u0113\u013c, bet visbie\u017e\u0101k sastopamais c\u0113lonis ir acu slim\u012bbas un ambliopija.<\/p>\n\n\t\t<\/div>\n\t<\/div>\n<\/div><\/div><div class=\"vc_tta-panel\" id=\"1525933113360-dae4a488-f0b7\" data-vc-content=\".vc_tta-panel-body\"><div class=\"vc_tta-panel-heading\"><h4 class=\"vc_tta-panel-title vc_tta-controls-icon-position-right\"><a href=\"#1525933113360-dae4a488-f0b7\" data-vc-accordion data-vc-container=\".vc_tta-container\"><span class=\"vc_tta-title-text\">K\u0101p\u0113c nej\u016btos komforti ar izrakst\u012bt\u0101m brill\u0113m?<\/span><i class=\"vc_tta-controls-icon vc_tta-controls-icon-chevron\"><\/i><\/a><\/h4><\/div><div class=\"vc_tta-panel-body\">\n\t<div class=\"wpb_text_column wpb_content_element\" >\n\t\t<div class=\"wpb_wrapper\">\n\t\t\t<p>S\u0101kotn\u0113ji ir j\u0101pierod pie jaun\u0101m brill\u0113m. Standart\u0101 piera\u0161anas laiks ir divas ned\u0113\u013cas.<\/p>\n<p>Bet, ja ar\u012b p\u0113c div\u0101m ned\u0113\u013c\u0101m ir diskomforts n\u0113s\u0101jot brilles, tad iesp\u0113jami iemesli ir sekojo\u0161i:<\/p>\n<ol>\n<li>nepareiza recepte,<\/li>\n<li>nepareizi ieliktas bri\u013c\u013cu l\u0113cas,<\/li>\n<li>neatbilsto\u0161s bri\u013c\u013cu l\u0113cu dizains.<\/li>\n<\/ol>\n\n\t\t<\/div>\n\t<\/div>\n<\/div><\/div><div class=\"vc_tta-panel\" id=\"1525932736895-4c35a99e-1554\" data-vc-content=\".vc_tta-panel-body\"><div class=\"vc_tta-panel-heading\"><h4 class=\"vc_tta-panel-title vc_tta-controls-icon-position-right\"><a href=\"#1525932736895-4c35a99e-1554\" data-vc-accordion data-vc-container=\".vc_tta-container\"><span class=\"vc_tta-title-text\">K\u0101 saprast, vai ir vajadz\u012bga redzes p\u0101rbaude?<\/span><i class=\"vc_tta-controls-icon vc_tta-controls-icon-chevron\"><\/i><\/a><\/h4><\/div><div class=\"vc_tta-panel-body\">\n\t<div class=\"wpb_text_column wpb_content_element\" >\n\t\t<div class=\"wpb_wrapper\">\n\t\t\t<p>Ir nepiecie\u0161ams p\u0101rbaud\u012bt redzi reizi gad\u0101, bet ja par\u0101d\u0101s s\u016bdz\u012bbas, tad v\u0113lams griezties pie oftalmologa uzreiz, kad par\u0101d\u0101s s\u016bdz\u012bbas. Ja pacientam ir visp\u0101r\u0113j\u0101s organisma saslim\u0161anas, piem\u0113ram cukura diab\u0113ts, vairogdziedzera saslim\u0161anas, hipertonija, tad v\u0113lams regul\u0101ri jeb katru gadu apmekl\u0113t oftalmologu.<\/p>\n\n\t\t<\/div>\n\t<\/div>\n<\/div><\/div><\/div><\/div><\/div><\/div>\t\t<\/div>\r\n\t<\/div>\r\n<\/div>\r\n\r\n\r\n\t<\/div>\r\n\r\n\r\n\r\n<div class=\"vc_row ts-row wpb_row vc_row-fluid vc_custom_1525933243317 container ts-bgimage-position-center_center\">\r\n\r\n\t\r\n\t\r\n\t\t\r\n<div class=\"ts-column wpb_column vc_column_container vc_col-sm-12\">\r\n\t<div class=\"vc_column-inner  \">\r\n\t\t\t\t<div class=\"wpb_wrapper\">\r\n\t\t\t<h3 style=\"text-align:left;\" class=\"ts-custom-heading \" >Noteikumi redzes p\u0101rbaudei m\u0101j\u0101s<\/h3>\n\n\t<div class=\"wpb_text_column wpb_content_element\" >\n\t\t<div class=\"wpb_wrapper\">\n\t\t\t<p>Lai realiz\u0113tu redzes p\u0101rbaudes norisi m\u0101jas apst\u0101k\u013cos, ir nepiecie\u0161ams:<\/p>\n<p>-pierakstoties uz redzes p\u0101rbaudi ir nepiecie\u0161ams sagatavot pases vai ID kartes kopiju, kuru vajadz\u0113s nos\u016bt\u012bt uz epasta adresi : info@mobileoptic.lv,<\/p>\n<p>-uzr\u0101d\u012bt pasi vai ID karti pirms redzes p\u0101rbaudes,<\/p>\n<p>-nodro\u0161in\u0101t redzes p\u0101rbaudes telpu ar \u010detriem kr\u0113sliem un galdu,<\/p>\n<p>-nodro\u0161in\u0101t iesp\u0113ju aptum\u0161ot telpu,<\/p>\n<p>-nodro\u0161in\u0101t, lai telp\u0101 (istab\u0101) atrodas tikai pacients un speci\u0101lists,<\/p>\n<p>-gad\u012bjum\u0101, ja pacients vai k\u0101ds no kl\u0101t eso\u0161iem ir alkohola reibum\u0101, tad speci\u0101listam ir ties\u012bbas atteikties no pakalpojuma snieg\u0161anas,<\/p>\n<p>-gad\u012bjum\u0101, ja pakalpojuma snieg\u0161anas viet\u0101 ir trauc\u0113jo\u0161i apst\u0101k\u013ci, tad speci\u0101listam ir ties\u012bbas atteikties no pakalpojuma snieg\u0161anas.<\/p>\n\n\t\t<\/div>\n\t<\/div>\n<div class=\"vc_tta-container\" data-vc-action=\"collapse\"><div class=\"vc_general vc_tta vc_tta-accordion vc_tta-color-skincolor vc_tta-style-classic vc_tta-shape-rounded vc_tta-o-shape-group vc_tta-gap-10 vc_tta-controls-align-default vc_tta-o-no-fill\"><div class=\"vc_tta-panels-container\"><div class=\"vc_tta-panels\"><div class=\"vc_tta-panel vc_active\" id=\"1525933213843-41c3318b-b61a\" data-vc-content=\".vc_tta-panel-body\"><div class=\"vc_tta-panel-heading\"><h4 class=\"vc_tta-panel-title vc_tta-controls-icon-position-right\"><a href=\"#1525933213843-41c3318b-b61a\" data-vc-accordion data-vc-container=\".vc_tta-container\"><span class=\"vc_tta-title-text\">K\u0101 lietot brilles?<\/span><i class=\"vc_tta-controls-icon vc_tta-controls-icon-chevron\"><\/i><\/a><\/h4><\/div><div class=\"vc_tta-panel-body\">\n\t<div class=\"wpb_text_column wpb_content_element\" >\n\t\t<div class=\"wpb_wrapper\">\n\t\t\t<p>Brilles var b\u016bt izrakst\u012btas t\u0101lumam, tuvumam vai past\u0101v\u012bgai n\u0113s\u0101\u0161anai.<\/p>\n<p>Ir j\u0101lieto brilles atbilsto\u0161i speci\u0101lista rekomend\u0101cij\u0101m.<\/p>\n\n\t\t<\/div>\n\t<\/div>\n<\/div><\/div><div class=\"vc_tta-panel\" id=\"1525933213870-aa866bfe-bcc9\" data-vc-content=\".vc_tta-panel-body\"><div class=\"vc_tta-panel-heading\"><h4 class=\"vc_tta-panel-title vc_tta-controls-icon-position-right\"><a href=\"#1525933213870-aa866bfe-bcc9\" data-vc-accordion data-vc-container=\".vc_tta-container\"><span class=\"vc_tta-title-text\">K\u0101 pareizi kopt brilles?<\/span><i class=\"vc_tta-controls-icon vc_tta-controls-icon-chevron\"><\/i><\/a><\/h4><\/div><div class=\"vc_tta-panel-body\">\n\t<div class=\"wpb_text_column wpb_content_element\" >\n\t\t<div class=\"wpb_wrapper\">\n\t\t\t<p>Bri\u013c\u013cu kop\u0161anai ir nepiecie\u0161ams bri\u013c\u013cu t\u012br\u012b\u0161anas l\u012bdzeklis un speci\u0101las salvetes. Vislab\u0101kais veids k\u0101 izt\u012br\u012bt brilles ir ultraska\u0146as t\u012br\u012b\u0161ana.<\/p>\n\n\t\t<\/div>\n\t<\/div>\n<\/div><\/div><div class=\"vc_tta-panel\" id=\"1525933213896-4788df60-debc\" data-vc-content=\".vc_tta-panel-body\"><div class=\"vc_tta-panel-heading\"><h4 class=\"vc_tta-panel-title vc_tta-controls-icon-position-right\"><a href=\"#1525933213896-4788df60-debc\" data-vc-accordion data-vc-container=\".vc_tta-container\"><span class=\"vc_tta-title-text\">Ko dar\u012bt, ja ir noskr\u0101p\u0113ta bri\u013c\u013cu l\u0113ca?<\/span><i class=\"vc_tta-controls-icon vc_tta-controls-icon-chevron\"><\/i><\/a><\/h4><\/div><div class=\"vc_tta-panel-body\">\n\t<div class=\"wpb_text_column wpb_content_element\" >\n\t\t<div class=\"wpb_wrapper\">\n\t\t\t<p>Nav iesp\u0113jams atjaunot oftalmisko l\u0113cu s\u0101kotn\u0113jo st\u0101vokli, ir j\u0101maina abas bri\u013c\u013cu l\u0113cas pret jaun\u0101m.<\/p>\n\n\t\t<\/div>\n\t<\/div>\n<\/div><\/div><div class=\"vc_tta-panel\" id=\"1525933213938-755c0448-f14e\" data-vc-content=\".vc_tta-panel-body\"><div class=\"vc_tta-panel-heading\"><h4 class=\"vc_tta-panel-title vc_tta-controls-icon-position-right\"><a href=\"#1525933213938-755c0448-f14e\" data-vc-accordion data-vc-container=\".vc_tta-container\"><span class=\"vc_tta-title-text\">Kap\u0113c vairs neredzu tik labi ar sav\u0101m brill\u0113m?<\/span><i class=\"vc_tta-controls-icon vc_tta-controls-icon-chevron\"><\/i><\/a><\/h4><\/div><div class=\"vc_tta-panel-body\">\n\t<div class=\"wpb_text_column wpb_content_element\" >\n\t\t<div class=\"wpb_wrapper\">\n\t\t\t<p>Ir j\u0101maina bri\u013c\u013cu l\u0113cas. S\u0101kotn\u0113ji noteikti ir j\u0101parbauda redze, lai var\u0113tu prec\u012bzi zin\u0101t, k\u0101ds ir iemesls, un k\u0101p\u0113c ir pasliktin\u0101jies redzes asums.<\/p>\n\n\t\t<\/div>\n\t<\/div>\n<\/div><\/div><div class=\"vc_tta-panel\" id=\"1525933213972-6d037e65-ad13\" data-vc-content=\".vc_tta-panel-body\"><div class=\"vc_tta-panel-heading\"><h4 class=\"vc_tta-panel-title vc_tta-controls-icon-position-right\"><a href=\"#1525933213972-6d037e65-ad13\" data-vc-accordion data-vc-container=\".vc_tta-container\"><span class=\"vc_tta-title-text\">Vai man var\u0113s piemekl\u0113t kontaktl\u0113cas?<\/span><i class=\"vc_tta-controls-icon vc_tta-controls-icon-chevron\"><\/i><\/a><\/h4><\/div><div class=\"vc_tta-panel-body\">\n\t<div class=\"wpb_text_column wpb_content_element\" >\n\t\t<div class=\"wpb_wrapper\">\n\t\t\t<p>Galvenais nosac\u012bjums no pacienta puses ir motiv\u0101cija. Galvenais faktors no optometrista puses ir prec\u012bzi nov\u0113rt\u0113ts acu st\u0101voklis un pareizi piemekl\u0113tas kontaktl\u0113cas.<\/p>\n\n\t\t<\/div>\n\t<\/div>\n<\/div><\/div><div class=\"vc_tta-panel\" id=\"1525933214007-c5d4008f-f90f\" data-vc-content=\".vc_tta-panel-body\"><div class=\"vc_tta-panel-heading\"><h4 class=\"vc_tta-panel-title vc_tta-controls-icon-position-right\"><a href=\"#1525933214007-c5d4008f-f90f\" data-vc-accordion data-vc-container=\".vc_tta-container\"><span class=\"vc_tta-title-text\">Ko dar\u012bt, ja ar jaun\u0101m brill\u0113m neredzu tik labi, cik grib\u0113tos?<\/span><i class=\"vc_tta-controls-icon vc_tta-controls-icon-chevron\"><\/i><\/a><\/h4><\/div><div class=\"vc_tta-panel-body\">\n\t<div class=\"wpb_text_column wpb_content_element\" >\n\t\t<div class=\"wpb_wrapper\">\n\t\t\t<p>Prim\u0101ri ir j\u0101sazin\u0101s ar redzes apr\u016bpes speci\u0101listu un detaliz\u0113ti j\u0101apraksta situ\u0101cija.<\/p>\n\n\t\t<\/div>\n\t<\/div>\n<\/div><\/div><\/div><\/div><\/div><\/div>\t\t<\/div>\r\n\t<\/div>\r\n<\/div>\r\n\r\n\r\n\t<\/div>\n<\/div>","protected":false},"excerpt":{"rendered":"Pirm\u0101 redzes p\u0101rbaude? R\u016bp\u0113ties par sevi noz\u012bm\u0113 r\u016bp\u0113ties ar\u012b par savu redzi un acu vesel\u012bbu. V\u0113lams\u00a0reizi gad\u0101 p\u0101rbaud\u012bt redzi, pat tad, ja \u0161\u0137iet, ka redzes asums ir labs. Redzes apr\u016bpes speci\u0101lists ir acu \u0101rsts vai optometrists, kas veic gan redzes funkciju izmekl\u0113jumus, gan bri\u013c\u013cu receptes izrakst\u012b\u0161anu, gan acu slim\u012bbu skr\u012bningu, gan konsult\u0113 visos jaut\u0101jumos, kas &hellip; <a href=\"https:\/\/mobileoptic.lv\/lv\/faq\/\" class=\"more-link\">Continue reading <span class=\"screen-reader-text\">Jaut\u0101jumi un atbildes, noteikumi un apraksts<\/span><\/a>","protected":false},"author":1,"featured_media":0,"parent":0,"menu_order":9,"comment_status":"closed","ping_status":"closed","template":"","meta":{"footnotes":""},"class_list":["post-4075","page","type-page","status-publish","hentry"],"jetpack_sharing_enabled":true,"jetpack-related-posts":[],"_links":{"self":[{"href":"https:\/\/mobileoptic.lv\/lv\/wp-json\/wp\/v2\/pages\/4075","targetHints":{"allow":["GET"]}}],"collection":[{"href":"https:\/\/mobileoptic.lv\/lv\/wp-json\/wp\/v2\/pages"}],"about":[{"href":"https:\/\/mobileoptic.lv\/lv\/wp-json\/wp\/v2\/types\/page"}],"author":[{"embeddable":true,"href":"https:\/\/mobileoptic.lv\/lv\/wp-json\/wp\/v2\/users\/1"}],"replies":[{"embeddable":true,"href":"https:\/\/mobileoptic.lv\/lv\/wp-json\/wp\/v2\/comments?post=4075"}],"version-history":[{"count":10,"href":"https:\/\/mobileoptic.lv\/lv\/wp-json\/wp\/v2\/pages\/4075\/revisions"}],"predecessor-version":[{"id":5852,"href":"https:\/\/mobileoptic.lv\/lv\/wp-json\/wp\/v2\/pages\/4075\/revisions\/5852"}],"wp:attachment":[{"href":"https:\/\/mobileoptic.lv\/lv\/wp-json\/wp\/v2\/media?parent=4075"}],"curies":[{"name":"wp","href":"https:\/\/api.w.org\/{rel}","templated":true}]}}