{"id":4375,"date":"2018-05-10T04:10:13","date_gmt":"2018-05-10T04:10:13","guid":{"rendered":"http:\/\/optico.themestek.com\/?page_id=4375"},"modified":"2021-01-04T14:58:07","modified_gmt":"2021-01-04T14:58:07","slug":"before-after","status":"publish","type":"page","link":"https:\/\/mobileoptic.lv\/lv\/before-after\/","title":{"rendered":"M\u016bsu cenas ir viszem\u0101kas, lai katrs var at\u013cauties redz\u0113t"},"content":{"rendered":"<div class=\"wpb-content-wrapper\"><div class=\"vc_row ts-row wpb_row vc_row-fluid vc_custom_1527482753264 container ts-bgimage-position-center_center\">\r\n\r\n\t\r\n\t\r\n\t\t\r\n<div class=\"ts-column wpb_column vc_column_container vc_col-sm-12\">\r\n\t<div class=\"vc_column-inner  \">\r\n\t\t\t\t<div class=\"wpb_wrapper\">\r\n\t\t\t<div class=\"ts-element-heading-wrapper ts-heading-inner ts-element-align-center ts-seperator-none \"><section class=\"ts-vc_cta3-container\"><div class=\"ts-vc_general ts-vc_cta3 ts-cta3-only ts-vc_cta3-style-classic ts-vc_cta3-shape-rounded ts-vc_cta3-align-center ts-vc_cta3-color-transparent ts-vc_cta3-icon-size-md ts-vc_cta3-actions-no ts-cta3-with-desc\"><div class=\"ts-vc_cta3_content-container\"><div class=\"ts-vc_cta3-content\"><div class=\"ts-vc_cta3-content-header ts-wrap\"><div class=\"ts-vc_cta3-headers ts-wrap-cell\"><h4 class=\"ts-custom-heading \" >K\u0101das ir m\u016bsu cenas?<\/h4>\n<h2 class=\"ts-custom-heading \" ><strong>Kas m\u0113s esam?<\/strong><\/h2>\n<\/div><\/div><div class=\"ts-cta3-content-wrapper\"><p>SIA Mobile Optic ir pirm\u0101 un vien\u012bg\u0101 mobil\u0101 optika Latvij\u0101. M\u0113s esam jauns dinamisks uz\u0146\u0113mums, kas specializ\u0113jas redzes p\u0101rbaud\u0113 un optisko pre\u010du tirdzniec\u012bb\u0101 pacienta m\u0101j\u0101s un izbraukumos, k\u0101 ar\u012b bri\u013c\u013cu izgatavo\u0161an\u0101.<br \/>\nM\u016bsu m\u0113r\u0137is ir pied\u0101vat katram klientam indivi\u0101lus risin\u0101jumus, kas apmierina katra pacienta vajadz\u012bbas un pras\u012bbas.<br \/>\nProjekts &#8220;Brills neizejot no m\u0101j\u0101m&#8221; ir izstr\u0101d\u0101ts, lai redzes p\u0101rbaude b\u016btu pieejama katram klientam neatkar\u012bga no vi\u0146a iesp\u0113j\u0101m un atra\u0161anas vietas.<\/p>\n<p><em><span style=\"font-style: normal;\">Pas\u016btot brilles redzes p\u0101rbaude ir BEZ MAKSAS<\/span><\/em><i><\/i><\/p>\n<p>Transporta izmaksas izsaucot speci\u0101listu uz m\u0101j\u0101m <em><span style=\"font-style: normal;\">BEZ MAKSAS<\/span><\/em><\/p>\n<p><em><span style=\"font-style: normal;\">Nepas\u016btot brilles redzes p\u0101rbaude ir PAR MAKSU<\/span><\/em><i><\/i><\/p>\n<p><em><span style=\"font-style: normal;\">Bri\u013c\u013cu ietvari s\u0101kot no 19 EUR<\/span><\/em><i><\/i><\/p>\n<p>Pas\u016btot brilles bri\u013c\u013cu futl\u0101ris ir D\u0100VAN\u0100<\/p>\n<p><em><span style=\"font-style: normal;\">Bri\u013c\u013cu pas\u016bt\u012bjuma pieg\u0101de uz m\u0101j\u0101m BEZ MAKSAS<\/span><\/em><\/p>\n<p><i><\/i>M\u016bsu uz\u0146\u0113mums mekl\u0113 izdev\u012bg\u0101kus risin\u0101jumus, lai bri\u013c\u013ces ir pieejamas katram klientam, nevis tikai tiem, kas mekl\u0113 un var at\u013cauties ieg\u0101d\u0101ties brilles.<\/p><\/div><\/div><\/div><\/div><\/section><\/div> <!-- .ts-element-heading-wrapper container --> \t\t<\/div>\r\n\t<\/div>\r\n<\/div>\r\n\r\n\r\n\t<\/div>\r\n\r\n\r\n\r\n<div class=\"vc_row ts-row wpb_row vc_row-fluid vc_custom_1527482815418 container ts-bgimage-position-center_center\">\r\n\r\n\t\r\n\t\r\n\t\t\r\n<div class=\"ts-column wpb_column vc_column_container vc_col-sm-4\">\r\n\t<div class=\"vc_column-inner  \">\r\n\t\t\t\t<div class=\"wpb_wrapper\">\r\n\t\t\t\n\t<div class=\"wpb_text_column wpb_content_element\" >\n\t\t<div class=\"wpb_wrapper\">\n\t\t\t<div id=\"twenty20-1\" class=\"twenty20\" style=\"width: 100% !important; clear: both;\"><div class=\"twentytwenty-container twenty20-1 \"><img decoding=\"async\" src=\"https:\/\/mobileoptic.lv\/wp-content\/uploads\/2018\/06\/1.jpg\" alt=\"Before image\" \/><img decoding=\"async\" src=\"https:\/\/mobileoptic.lv\/wp-content\/uploads\/2018\/06\/2.jpg\" alt=\"After image\" \/><\/div><\/div>\n\n\t\t<\/div>\n\t<\/div>\n\t\t<\/div>\r\n\t<\/div>\r\n<\/div>\r\n\r\n\r\n<div class=\"ts-column wpb_column vc_column_container vc_col-sm-4\">\r\n\t<div class=\"vc_column-inner  \">\r\n\t\t\t\t<div class=\"wpb_wrapper\">\r\n\t\t\t\n\t<div class=\"wpb_text_column wpb_content_element\" >\n\t\t<div class=\"wpb_wrapper\">\n\t\t\t<div id=\"twenty20-2\" class=\"twenty20\" style=\"width: 100% !important; clear: both;\"><div class=\"twentytwenty-container twenty20-2 \"><img decoding=\"async\" src=\"https:\/\/mobileoptic.lv\/wp-content\/uploads\/2018\/06\/1.jpg\" alt=\"Before image\" \/><img decoding=\"async\" src=\"https:\/\/mobileoptic.lv\/wp-content\/uploads\/2018\/06\/2.jpg\" alt=\"After image\" \/><\/div><\/div>\n\n\t\t<\/div>\n\t<\/div>\n\t\t<\/div>\r\n\t<\/div>\r\n<\/div>\r\n\r\n\r\n<div class=\"ts-column wpb_column vc_column_container vc_col-sm-4\">\r\n\t<div class=\"vc_column-inner  \">\r\n\t\t\t\t<div class=\"wpb_wrapper\">\r\n\t\t\t\n\t<div class=\"wpb_text_column wpb_content_element\" >\n\t\t<div class=\"wpb_wrapper\">\n\t\t\t<div id=\"twenty20-3\" class=\"twenty20\" style=\"width: 100% !important; clear: both;\"><div class=\"twentytwenty-container twenty20-3 \"><img decoding=\"async\" src=\"https:\/\/mobileoptic.lv\/wp-content\/uploads\/2018\/06\/1.jpg\" alt=\"Before image\" \/><img decoding=\"async\" src=\"https:\/\/mobileoptic.lv\/wp-content\/uploads\/2018\/06\/2.jpg\" alt=\"After image\" \/><\/div><\/div>\n\n\t\t<\/div>\n\t<\/div>\n\t\t<\/div>\r\n\t<\/div>\r\n<\/div>\r\n\r\n\r\n\t<\/div>\r\n\r\n\r\n\r\n<div class=\"vc_row ts-row wpb_row vc_row-fluid vc_custom_1527482815418 container ts-bgimage-position-center_center\">\r\n\r\n\t\r\n\t\r\n\t\t\r\n<div class=\"ts-column wpb_column vc_column_container vc_col-sm-4\">\r\n\t<div class=\"vc_column-inner  \">\r\n\t\t\t\t<div class=\"wpb_wrapper\">\r\n\t\t\t\n\t<div class=\"wpb_text_column wpb_content_element\" >\n\t\t<div class=\"wpb_wrapper\">\n\t\t\t<div id=\"twenty20-4\" class=\"twenty20\" style=\"width: 100% !important; clear: both;\"><div class=\"twentytwenty-container twenty20-4 \"><img decoding=\"async\" src=\"https:\/\/mobileoptic.lv\/wp-content\/uploads\/2018\/06\/1.jpg\" alt=\"Before image\" \/><img decoding=\"async\" src=\"https:\/\/mobileoptic.lv\/wp-content\/uploads\/2018\/06\/2.jpg\" alt=\"After image\" \/><\/div><\/div>\n\n\t\t<\/div>\n\t<\/div>\n\t\t<\/div>\r\n\t<\/div>\r\n<\/div>\r\n\r\n\r\n<div class=\"ts-column wpb_column vc_column_container vc_col-sm-4\">\r\n\t<div class=\"vc_column-inner  \">\r\n\t\t\t\t<div class=\"wpb_wrapper\">\r\n\t\t\t\n\t<div class=\"wpb_text_column wpb_content_element\" >\n\t\t<div class=\"wpb_wrapper\">\n\t\t\t<div id=\"twenty20-5\" class=\"twenty20\" style=\"width: 100% !important; clear: both;\"><div class=\"twentytwenty-container twenty20-5 \"><img decoding=\"async\" src=\"https:\/\/mobileoptic.lv\/wp-content\/uploads\/2018\/06\/1.jpg\" alt=\"Before image\" \/><img decoding=\"async\" src=\"https:\/\/mobileoptic.lv\/wp-content\/uploads\/2018\/06\/2.jpg\" alt=\"After image\" \/><\/div><\/div>\n\n\t\t<\/div>\n\t<\/div>\n\t\t<\/div>\r\n\t<\/div>\r\n<\/div>\r\n\r\n\r\n<div class=\"ts-column wpb_column vc_column_container vc_col-sm-4\">\r\n\t<div class=\"vc_column-inner  \">\r\n\t\t\t\t<div class=\"wpb_wrapper\">\r\n\t\t\t\n\t<div class=\"wpb_text_column wpb_content_element\" >\n\t\t<div class=\"wpb_wrapper\">\n\t\t\t<div id=\"twenty20-6\" class=\"twenty20\" style=\"width: 100% !important; clear: both;\"><div class=\"twentytwenty-container twenty20-6 \"><img decoding=\"async\" src=\"https:\/\/mobileoptic.lv\/wp-content\/uploads\/2018\/06\/1.jpg\" alt=\"Before image\" \/><img decoding=\"async\" src=\"https:\/\/mobileoptic.lv\/wp-content\/uploads\/2018\/06\/2.jpg\" alt=\"After image\" \/><\/div><\/div>\n\n\t\t<\/div>\n\t<\/div>\n\t\t<\/div>\r\n\t<\/div>\r\n<\/div>\r\n\r\n\r\n\t<\/div>\r\n\r\n\r\n\r\n<div class=\"vc_row ts-row wpb_row vc_row-fluid vc_custom_1528083721889 container ts-bgimage-position-center_center\">\r\n\r\n\t\r\n\t\r\n\t\t\r\n<div class=\"ts-column wpb_column vc_column_container vc_col-sm-12\">\r\n\t<div class=\"vc_column-inner  \">\r\n\t\t\t\t<div class=\"wpb_wrapper\">\r\n\t\t\t<div class=\"vc_empty_space\"   style=\"height: 50px\"><span class=\"vc_empty_space_inner\"><\/span><\/div>\t\t<\/div>\r\n\t<\/div>\r\n<\/div>\r\n\r\n\r\n\t<\/div>\n<\/div>","protected":false},"excerpt":{"rendered":"K\u0101das ir m\u016bsu cenas? Kas m\u0113s esam? SIA Mobile Optic ir pirm\u0101 un vien\u012bg\u0101 mobil\u0101 optika Latvij\u0101. M\u0113s esam jauns dinamisks uz\u0146\u0113mums, kas specializ\u0113jas redzes p\u0101rbaud\u0113 un optisko pre\u010du tirdzniec\u012bb\u0101 pacienta m\u0101j\u0101s un izbraukumos, k\u0101 ar\u012b bri\u013c\u013cu izgatavo\u0161an\u0101. M\u016bsu m\u0113r\u0137is ir pied\u0101vat katram klientam indivi\u0101lus risin\u0101jumus, kas apmierina katra pacienta vajadz\u012bbas un pras\u012bbas. Projekts &#8220;Brills &hellip; <a href=\"https:\/\/mobileoptic.lv\/lv\/before-after\/\" class=\"more-link\">Continue reading <span class=\"screen-reader-text\">M\u016bsu cenas ir viszem\u0101kas, lai katrs var at\u013cauties redz\u0113t<\/span><\/a>","protected":false},"author":1,"featured_media":0,"parent":0,"menu_order":13,"comment_status":"closed","ping_status":"closed","template":"","meta":{"footnotes":""},"class_list":["post-4375","page","type-page","status-publish","hentry"],"jetpack_sharing_enabled":true,"jetpack-related-posts":[],"_links":{"self":[{"href":"https:\/\/mobileoptic.lv\/lv\/wp-json\/wp\/v2\/pages\/4375","targetHints":{"allow":["GET"]}}],"collection":[{"href":"https:\/\/mobileoptic.lv\/lv\/wp-json\/wp\/v2\/pages"}],"about":[{"href":"https:\/\/mobileoptic.lv\/lv\/wp-json\/wp\/v2\/types\/page"}],"author":[{"embeddable":true,"href":"https:\/\/mobileoptic.lv\/lv\/wp-json\/wp\/v2\/users\/1"}],"replies":[{"embeddable":true,"href":"https:\/\/mobileoptic.lv\/lv\/wp-json\/wp\/v2\/comments?post=4375"}],"version-history":[{"count":4,"href":"https:\/\/mobileoptic.lv\/lv\/wp-json\/wp\/v2\/pages\/4375\/revisions"}],"predecessor-version":[{"id":5854,"href":"https:\/\/mobileoptic.lv\/lv\/wp-json\/wp\/v2\/pages\/4375\/revisions\/5854"}],"wp:attachment":[{"href":"https:\/\/mobileoptic.lv\/lv\/wp-json\/wp\/v2\/media?parent=4375"}],"curies":[{"name":"wp","href":"https:\/\/api.w.org\/{rel}","templated":true}]}}