{"id":5113,"date":"2018-05-29T04:43:33","date_gmt":"2018-05-29T04:43:33","guid":{"rendered":"http:\/\/optico.themestek.com\/?page_id=5113"},"modified":"2018-05-29T04:43:33","modified_gmt":"2018-05-29T04:43:33","slug":"services-style-3","status":"publish","type":"page","link":"https:\/\/mobileoptic.lv\/ru\/services-style-3\/","title":{"rendered":"Services Style 3"},"content":{"rendered":"<div class=\"wpb-content-wrapper\">\r\n<div class=\"vc_row ts-row wpb_row vc_row-fluid container ts-bgimage-position-center_center\">\r\n\r\n\t\r\n\t\r\n\t\t\r\n<div class=\"ts-column wpb_column vc_column_container vc_col-sm-12\">\r\n\t<div class=\"vc_column-inner\">\r\n\t\t\t\t<div class=\"wpb_wrapper\">\r\n\t\t\t<div class=\"themestek-boxes themestek-boxes-portfolio themestek-boxes-element-portfolio-style-1 themestek-boxes-view-default themestek-boxes-col-three themestek-boxes-sortable-no themestek-boxes-textalign-center themestek-boxes-sortablebutton-\">\r\n\t\t<div class=\"themestek-boxes-inner themestek-boxes-portfolio-inner\">\r\n\t\t\t\r\n\t\t\t<div class=\"row multi-columns-row themestek-boxes-row-wrapper\">\r\n\t\t\t\t<div class=\"ts-box-col-wrapper col-lg-4 col-sm-6 col-md-4 col-xs-12 ts-term-30\"><article class=\"themestek-box themestek-box-portfolio ts-portfoliobox-style-1 ts-hover-style-2 box-shadow-1\">\r\n\t<div class=\"themestek-post-item\">\r\n\t\t\r\n\t\t<span class=\"themestek-item-thumbnail\">\r\n\t\t\t<span class=\"themestek-item-thumbnail-inner\">\r\n\t\t\t\t<img fetchpriority=\"high\" decoding=\"async\" width=\"800\" height=\"650\" src=\"https:\/\/mobileoptic.lv\/wp-content\/uploads\/2018\/05\/spec1-800x650.jpg\" class=\"attachment-themestek-img-800x650 size-themestek-img-800x650 wp-post-image\" alt=\"\" data-id=\"5672\" \/>\r\n\t\t\t<\/span>\r\n\t\t<\/span>\t\t<div class=\"themestek-box-content\">\r\n            <div class=\"themestek-box-content-inner\">\t\t\t  \r\n\r\n\t\t\t\t<div class=\"themestek-pf-box-title\">\r\n\t\t\t\t\t<h3><a href=\"https:\/\/mobileoptic.lv\/ru\/Pakalpojumi\/redzes-parbaude-majas\/\">\u041f\u0440\u043e\u0432\u0435\u0440\u043a\u0430 \u0437\u0440\u0435\u043d\u0438\u044f \u0434\u043e\u043c\u0430<\/a><\/h3>\r\n\t\t\t\t<\/div>\r\n\r\n\t\t\t\t\t\t\t\t\t<div class=\"themestek-box-desc\">\r\n\t\t\t\t\t\t<p>\u0412\u0430\u0436\u043d\u043e, \u0447\u0442\u043e\u0431\u044b \u043e\u0447\u043a\u0438 \u043c\u043e\u0433 \u043a\u0443\u043f\u0438\u0442\u044c \u043b\u044e\u0431\u043e\u0439.<\/p>\n\t\t\t\t\t<\/div>\r\n\t\t\t\t\t\t\t<\/div>\t\t\r\n\t\t<\/div>\r\n\t<\/div>\r\n<\/article><\/div><div class=\"ts-box-col-wrapper col-lg-4 col-sm-6 col-md-4 col-xs-12 ts-term-30\"><article class=\"themestek-box themestek-box-portfolio ts-portfoliobox-style-1 ts-hover-style-2 box-shadow-1\">\r\n\t<div class=\"themestek-post-item\">\r\n\t\t\r\n\t\t<span class=\"themestek-item-thumbnail\">\r\n\t\t\t<span class=\"themestek-item-thumbnail-inner\">\r\n\t\t\t\t<img decoding=\"async\" width=\"800\" height=\"650\" src=\"https:\/\/mobileoptic.lv\/wp-content\/uploads\/2020\/01\/ophthalmologist-doctor-is-examining-patient-eyesight-with-professional-ophthalmological-equipment_165932-18-800x650.jpg\" class=\"attachment-themestek-img-800x650 size-themestek-img-800x650 wp-post-image\" alt=\"\" data-id=\"5803\" \/>\r\n\t\t\t<\/span>\r\n\t\t<\/span>\t\t<div class=\"themestek-box-content\">\r\n            <div class=\"themestek-box-content-inner\">\t\t\t  \r\n\r\n\t\t\t\t<div class=\"themestek-pf-box-title\">\r\n\t\t\t\t\t<h3><a href=\"https:\/\/mobileoptic.lv\/ru\/Pakalpojumi\/brilles-neizejot-no-majam\/\">\u041e\u0447\u043a\u0438 \u043d\u0435 \u0432\u044b\u0445\u043e\u0434\u044f \u0438\u0437 \u0434\u043e\u043c\u0430<\/a><\/h3>\r\n\t\t\t\t<\/div>\r\n\r\n\t\t\t\t\t\t\t\t\t<div class=\"themestek-box-desc\">\r\n\t\t\t\t\t\t<p>\u0422\u0432\u043e\u044f \u043e\u043f\u0440\u0430\u0432\u0430 \u044d\u0442\u043e \u0422\u0432\u043e\u0439 \u0440\u0430\u0441\u0441\u043a\u0430\u0437 \u043e \u0441\u0435\u0431\u0435.<\/p>\n\t\t\t\t\t<\/div>\r\n\t\t\t\t\t\t\t<\/div>\t\t\r\n\t\t<\/div>\r\n\t<\/div>\r\n<\/article><\/div><div class=\"ts-box-col-wrapper col-lg-4 col-sm-6 col-md-4 col-xs-12 ts-term-30\"><article class=\"themestek-box themestek-box-portfolio ts-portfoliobox-style-1 ts-hover-style-2 box-shadow-1\">\r\n\t<div class=\"themestek-post-item\">\r\n\t\t\r\n\t\t<span class=\"themestek-item-thumbnail\">\r\n\t\t\t<span class=\"themestek-item-thumbnail-inner\">\r\n\t\t\t\t<img decoding=\"async\" width=\"783\" height=\"650\" src=\"https:\/\/mobileoptic.lv\/wp-content\/uploads\/2020\/04\/tfrdrycvjkb-783x650.jpg\" class=\"attachment-themestek-img-800x650 size-themestek-img-800x650 wp-post-image\" alt=\"\" data-id=\"5794\" \/>\r\n\t\t\t<\/span>\r\n\t\t<\/span>\t\t<div class=\"themestek-box-content\">\r\n            <div class=\"themestek-box-content-inner\">\t\t\t  \r\n\r\n\t\t\t\t<div class=\"themestek-pf-box-title\">\r\n\t\t\t\t\t<h3><a href=\"https:\/\/mobileoptic.lv\/ru\/Pakalpojumi\/redzes-vingrinajumi\/\">\u0423\u043f\u0440\u0430\u0436\u043d\u0435\u043d\u0438\u044f \u0434\u043b\u044f \u0433\u043b\u0430\u0437<\/a><\/h3>\r\n\t\t\t\t<\/div>\r\n\r\n\t\t\t\t\t\t\t\t\t<div class=\"themestek-box-desc\">\r\n\t\t\t\t\t\t<p>\u0423\u043f\u0440\u0430\u0436\u043d\u0435\u043d\u0438\u044f \u0434\u043b\u044f \u0437\u0440\u0435\u043d\u0438\u044f \u044d\u0442\u043e \u0445\u043e\u0440\u043e\u0448\u0438\u0439 \u0441\u043f\u043e\u0441\u043e\u0431 \u0443\u043b\u0443\u0447\u0448\u0438\u0442\u044c \u0444\u0443\u043d\u043a\u0446\u0438\u0438 \u0433\u043b\u0430\u0437 \u0438 \u0434\u0430\u0436\u0435 \u043f\u043e\u0432\u044b\u0441\u0438\u0442\u044c \u043e\u0441\u0442\u0440\u043e\u0442\u0443 \u0437\u0440\u0435\u043d\u0438\u044f.<\/p>\n\t\t\t\t\t<\/div>\r\n\t\t\t\t\t\t\t<\/div>\t\t\r\n\t\t<\/div>\r\n\t<\/div>\r\n<\/article><\/div><div class=\"ts-box-col-wrapper col-lg-4 col-sm-6 col-md-4 col-xs-12 ts-term-30\"><article class=\"themestek-box themestek-box-portfolio ts-portfoliobox-style-1 ts-hover-style-2 box-shadow-1\">\r\n\t<div class=\"themestek-post-item\">\r\n\t\t\r\n\t\t<span class=\"themestek-item-thumbnail\">\r\n\t\t\t<span class=\"themestek-item-thumbnail-inner\">\r\n\t\t\t\t<img loading=\"lazy\" decoding=\"async\" width=\"800\" height=\"650\" src=\"https:\/\/mobileoptic.lv\/wp-content\/uploads\/2020\/04\/frameeees-800x650.jpg\" class=\"attachment-themestek-img-800x650 size-themestek-img-800x650 wp-post-image\" alt=\"\" data-id=\"5796\" \/>\r\n\t\t\t<\/span>\r\n\t\t<\/span>\t\t<div class=\"themestek-box-content\">\r\n            <div class=\"themestek-box-content-inner\">\t\t\t  \r\n\r\n\t\t\t\t<div class=\"themestek-pf-box-title\">\r\n\t\t\t\t\t<h3><a href=\"https:\/\/mobileoptic.lv\/ru\/Pakalpojumi\/ietvaru-piemeklesana\/\">Ietvaru piemekl\u0113\u0161ana<\/a><\/h3>\r\n\t\t\t\t<\/div>\r\n\r\n\t\t\t\t\t\t\t\t\t<div class=\"themestek-box-desc\">\r\n\t\t\t\t\t\t<p>Bri\u013c\u013cu r\u0101mis atspogu\u013co Tavu individualit\u0101ti.<\/p>\n\t\t\t\t\t<\/div>\r\n\t\t\t\t\t\t\t<\/div>\t\t\r\n\t\t<\/div>\r\n\t<\/div>\r\n<\/article><\/div><div class=\"ts-box-col-wrapper col-lg-4 col-sm-6 col-md-4 col-xs-12 ts-term-30\"><article class=\"themestek-box themestek-box-portfolio ts-portfoliobox-style-1 ts-hover-style-2 box-shadow-1\">\r\n\t<div class=\"themestek-post-item\">\r\n\t\t\r\n\t\t<span class=\"themestek-item-thumbnail\">\r\n\t\t\t<span class=\"themestek-item-thumbnail-inner\">\r\n\t\t\t\t<img loading=\"lazy\" decoding=\"async\" width=\"683\" height=\"650\" src=\"https:\/\/mobileoptic.lv\/wp-content\/uploads\/2020\/04\/magn-683x650.jpg\" class=\"attachment-themestek-img-800x650 size-themestek-img-800x650 wp-post-image\" alt=\"\" data-id=\"5797\" \/>\r\n\t\t\t<\/span>\r\n\t\t<\/span>\t\t<div class=\"themestek-box-content\">\r\n            <div class=\"themestek-box-content-inner\">\t\t\t  \r\n\r\n\t\t\t\t<div class=\"themestek-pf-box-title\">\r\n\t\t\t\t\t<h3><a href=\"https:\/\/mobileoptic.lv\/ru\/Pakalpojumi\/optisko-paliglidzeklu-izrakstisana\/\">Optisko pal\u012bgl\u012bdzek\u013cu izrakst\u012b\u0161ana<\/a><\/h3>\r\n\t\t\t\t<\/div>\r\n\r\n\t\t\t\t\t\t\t\t\t<div class=\"themestek-box-desc\">\r\n\t\t\t\t\t\t<p>Wake Up with dolor sit ametcon sec tetur adipisicing.<\/p>\n\t\t\t\t\t<\/div>\r\n\t\t\t\t\t\t\t<\/div>\t\t\r\n\t\t<\/div>\r\n\t<\/div>\r\n<\/article><\/div><div class=\"ts-box-col-wrapper col-lg-4 col-sm-6 col-md-4 col-xs-12 ts-term-30\"><article class=\"themestek-box themestek-box-portfolio ts-portfoliobox-style-1 ts-hover-style-2 box-shadow-1\">\r\n\t<div class=\"themestek-post-item\">\r\n\t\t\r\n\t\t<span class=\"themestek-item-thumbnail\">\r\n\t\t\t<span class=\"themestek-item-thumbnail-inner\">\r\n\t\t\t\t<img loading=\"lazy\" decoding=\"async\" width=\"683\" height=\"650\" src=\"https:\/\/mobileoptic.lv\/wp-content\/uploads\/2020\/02\/profilakse-683x650.jpg\" class=\"attachment-themestek-img-800x650 size-themestek-img-800x650 wp-post-image\" alt=\"\" data-id=\"5798\" \/>\r\n\t\t\t<\/span>\r\n\t\t<\/span>\t\t<div class=\"themestek-box-content\">\r\n            <div class=\"themestek-box-content-inner\">\t\t\t  \r\n\r\n\t\t\t\t<div class=\"themestek-pf-box-title\">\r\n\t\t\t\t\t<h3><a href=\"https:\/\/mobileoptic.lv\/ru\/Pakalpojumi\/brillu-remonts-un-ultraskanas-tirisana\/\">Bri\u013c\u013cu remonts un ultraska\u0146as t\u012br\u012bsana<\/a><\/h3>\r\n\t\t\t\t<\/div>\r\n\r\n\t\t\t\t\t\t\t\t\t<div class=\"themestek-box-desc\">\r\n\t\t\t\t\t\t<p>The best for less sit ametcon sec tetur adipisicing.<\/p>\n\t\t\t\t\t<\/div>\r\n\t\t\t\t\t\t\t<\/div>\t\t\r\n\t\t<\/div>\r\n\t<\/div>\r\n<\/article><\/div><div class=\"ts-box-col-wrapper col-lg-4 col-sm-6 col-md-4 col-xs-12 ts-term-30\"><article class=\"themestek-box themestek-box-portfolio ts-portfoliobox-style-1 ts-hover-style-2 box-shadow-1\">\r\n\t<div class=\"themestek-post-item\">\r\n\t\t\r\n\t\t<span class=\"themestek-item-thumbnail\">\r\n\t\t\t<span class=\"themestek-item-thumbnail-inner\">\r\n\t\t\t\t<img loading=\"lazy\" decoding=\"async\" width=\"800\" height=\"618\" src=\"https:\/\/mobileoptic.lv\/wp-content\/uploads\/2020\/02\/674-800x618.jpg\" class=\"attachment-themestek-img-800x650 size-themestek-img-800x650 wp-post-image\" alt=\"\" data-id=\"5799\" \/>\r\n\t\t\t<\/span>\r\n\t\t<\/span>\t\t<div class=\"themestek-box-content\">\r\n            <div class=\"themestek-box-content-inner\">\t\t\t  \r\n\r\n\t\t\t\t<div class=\"themestek-pf-box-title\">\r\n\t\t\t\t\t<h3><a href=\"https:\/\/mobileoptic.lv\/ru\/Pakalpojumi\/kontaktlecas\/\">\u041a\u043e\u043d\u0442\u0430\u043a\u0442\u043d\u044b\u0435 \u043b\u0438\u043d\u0437\u044b<\/a><\/h3>\r\n\t\t\t\t<\/div>\r\n\r\n\t\t\t\t\t\t\t\t\t<div class=\"themestek-box-desc\">\r\n\t\t\t\t\t\t<p>Kontaktl\u0113cas pal\u012bdz skat\u012bties uz pasauli pla\u0161\u0101k.<\/p>\n\t\t\t\t\t<\/div>\r\n\t\t\t\t\t\t\t<\/div>\t\t\r\n\t\t<\/div>\r\n\t<\/div>\r\n<\/article><\/div><div class=\"ts-box-col-wrapper col-lg-4 col-sm-6 col-md-4 col-xs-12 ts-term-30\"><article class=\"themestek-box themestek-box-portfolio ts-portfoliobox-style-1 ts-hover-style-2 box-shadow-1\">\r\n\t<div class=\"themestek-post-item\">\r\n\t\t\r\n\t\t<span class=\"themestek-item-thumbnail\">\r\n\t\t\t<span class=\"themestek-item-thumbnail-inner\">\r\n\t\t\t\t<img loading=\"lazy\" decoding=\"async\" width=\"800\" height=\"515\" src=\"https:\/\/mobileoptic.lv\/wp-content\/uploads\/2020\/02\/optometrists-800x515.jpg\" class=\"attachment-themestek-img-800x650 size-themestek-img-800x650 wp-post-image\" alt=\"\" data-id=\"5802\" \/>\r\n\t\t\t<\/span>\r\n\t\t<\/span>\t\t<div class=\"themestek-box-content\">\r\n            <div class=\"themestek-box-content-inner\">\t\t\t  \r\n\r\n\t\t\t\t<div class=\"themestek-pf-box-title\">\r\n\t\t\t\t\t<h3><a href=\"https:\/\/mobileoptic.lv\/ru\/Pakalpojumi\/konsultacijas-par-acu-veselibu\/\">\u041a\u043e\u043d\u0441\u0443\u043b\u044c\u0442\u0430\u0446\u0438\u0438 \u043e \u0437\u0434\u043e\u0440\u043e\u0432\u044c\u0435 \u0433\u043b\u0430\u0437<\/a><\/h3>\r\n\t\t\t\t<\/div>\r\n\r\n\t\t\t\t\t\t\t\t\t<div class=\"themestek-box-desc\">\r\n\t\t\t\t\t\t<p>R\u016bpes par savu acu vesel\u012bbu ir tik pat svar\u012bgas k\u0101 r\u016bpes par savu skaistumu.<\/p>\n\t\t\t\t\t<\/div>\r\n\t\t\t\t\t\t\t<\/div>\t\t\r\n\t\t<\/div>\r\n\t<\/div>\r\n<\/article><\/div><div class=\"ts-box-col-wrapper col-lg-4 col-sm-6 col-md-4 col-xs-12 ts-term-30\"><article class=\"themestek-box themestek-box-portfolio ts-portfoliobox-style-1 ts-hover-style-2 box-shadow-1\">\r\n\t<div class=\"themestek-post-item\">\r\n\t\t\r\n\t\t<span class=\"themestek-item-thumbnail\">\r\n\t\t\t<span class=\"themestek-item-thumbnail-inner\">\r\n\t\t\t\t<img loading=\"lazy\" decoding=\"async\" width=\"800\" height=\"650\" src=\"https:\/\/mobileoptic.lv\/wp-content\/uploads\/2020\/01\/shdghf-800x650.jpg\" class=\"attachment-themestek-img-800x650 size-themestek-img-800x650 wp-post-image\" alt=\"\" data-id=\"5805\" \/>\r\n\t\t\t<\/span>\r\n\t\t<\/span>\t\t<div class=\"themestek-box-content\">\r\n            <div class=\"themestek-box-content-inner\">\t\t\t  \r\n\r\n\t\t\t\t<div class=\"themestek-pf-box-title\">\r\n\t\t\t\t\t<h3><a href=\"https:\/\/mobileoptic.lv\/ru\/Pakalpojumi\/vajredzibas-korekcija\/\">V\u0101jredz\u012bbas korekcija<\/a><\/h3>\r\n\t\t\t\t<\/div>\r\n\r\n\t\t\t\t\t\t\t\t\t<div class=\"themestek-box-desc\">\r\n\t\t\t\t\t\t<p>V\u0101jredz\u012bbas iesli var b\u016bt ambliopija un acu slim\u012bbas.<\/p>\n\t\t\t\t\t<\/div>\r\n\t\t\t\t\t\t\t<\/div>\t\t\r\n\t\t<\/div>\r\n\t<\/div>\r\n<\/article><\/div>\r\n\t\t\t<\/div>\r\n\t\t<\/div><!-- .themestek-boxes-inner -->   <\/div><!-- .themestek-boxes -->  \t\t<\/div>\r\n\t<\/div>\r\n<\/div>\r\n\r\n\r\n\t<\/div>\r\n\r\n\r\n\n<\/div>","protected":false},"excerpt":{"rendered":"V\u0101jredz\u012bba ir redzes funkcion\u0101ls trauc\u0113jums jeb nevesel\u012bba, kuru nevar izkori\u0123\u0113t ar optiskaj\u0101m brill\u0113m, kontaktl\u0113c\u0101m un citiem korekcijas veidiem, ta\u010du past\u0101v varianti k\u0101 var pal\u012bdz\u0113t pacientam. &nbsp;","protected":false},"author":1,"featured_media":0,"parent":0,"menu_order":12,"comment_status":"closed","ping_status":"closed","template":"","meta":{"footnotes":""},"class_list":["post-5113","page","type-page","status-publish","hentry"],"jetpack_sharing_enabled":true,"jetpack-related-posts":[],"_links":{"self":[{"href":"https:\/\/mobileoptic.lv\/ru\/wp-json\/wp\/v2\/pages\/5113","targetHints":{"allow":["GET"]}}],"collection":[{"href":"https:\/\/mobileoptic.lv\/ru\/wp-json\/wp\/v2\/pages"}],"about":[{"href":"https:\/\/mobileoptic.lv\/ru\/wp-json\/wp\/v2\/types\/page"}],"author":[{"embeddable":true,"href":"https:\/\/mobileoptic.lv\/ru\/wp-json\/wp\/v2\/users\/1"}],"replies":[{"embeddable":true,"href":"https:\/\/mobileoptic.lv\/ru\/wp-json\/wp\/v2\/comments?post=5113"}],"version-history":[{"count":0,"href":"https:\/\/mobileoptic.lv\/ru\/wp-json\/wp\/v2\/pages\/5113\/revisions"}],"wp:attachment":[{"href":"https:\/\/mobileoptic.lv\/ru\/wp-json\/wp\/v2\/media?parent=5113"}],"curies":[{"name":"wp","href":"https:\/\/api.w.org\/{rel}","templated":true}]}}